{"id":147,"date":"2020-05-28T10:22:05","date_gmt":"2020-05-28T07:22:05","guid":{"rendered":"http:\/\/turkarent.com\/?page_id=147"},"modified":"2020-06-19T16:38:11","modified_gmt":"2020-06-19T13:38:11","slug":"kisa-donem-arac-kiralama","status":"publish","type":"page","link":"http:\/\/www.turkarent.com\/index.php\/kisa-donem-arac-kiralama\/","title":{"rendered":"K\u0131sa D\u00f6nem Ara\u00e7 Kiralama"},"content":{"rendered":"","protected":false},"excerpt":{"rendered":"","protected":false},"author":1,"featured_media":0,"parent":0,"menu_order":0,"comment_status":"closed","ping_status":"closed","template":"","meta":{"footnotes":"","_joinchat":[]},"_links":{"self":[{"href":"http:\/\/www.turkarent.com\/index.php\/wp-json\/wp\/v2\/pages\/147"}],"collection":[{"href":"http:\/\/www.turkarent.com\/index.php\/wp-json\/wp\/v2\/pages"}],"about":[{"href":"http:\/\/www.turkarent.com\/index.php\/wp-json\/wp\/v2\/types\/page"}],"author":[{"embeddable":true,"href":"http:\/\/www.turkarent.com\/index.php\/wp-json\/wp\/v2\/users\/1"}],"replies":[{"embeddable":true,"href":"http:\/\/www.turkarent.com\/index.php\/wp-json\/wp\/v2\/comments?post=147"}],"version-history":[{"count":4,"href":"http:\/\/www.turkarent.com\/index.php\/wp-json\/wp\/v2\/pages\/147\/revisions"}],"predecessor-version":[{"id":165,"href":"http:\/\/www.turkarent.com\/index.php\/wp-json\/wp\/v2\/pages\/147\/revisions\/165"}],"wp:attachment":[{"href":"http:\/\/www.turkarent.com\/index.php\/wp-json\/wp\/v2\/media?parent=147"}],"curies":[{"name":"wp","href":"https:\/\/api.w.org\/{rel}","templated":true}]}}