{"id":193,"date":"2020-06-01T16:23:52","date_gmt":"2020-06-01T13:23:52","guid":{"rendered":"http:\/\/turkarent.com\/?page_id=193"},"modified":"2020-06-02T15:02:25","modified_gmt":"2020-06-02T12:02:25","slug":"sss","status":"publish","type":"page","link":"http:\/\/www.turkarent.com\/index.php\/sss\/","title":{"rendered":"Ara\u00e7 Kiralama Hakk\u0131nda S\u0131k\u00e7a Sorulan Sorular"},"content":{"rendered":"","protected":false},"excerpt":{"rendered":"","protected":false},"author":1,"featured_media":0,"parent":0,"menu_order":0,"comment_status":"closed","ping_status":"closed","template":"","meta":{"footnotes":"","_joinchat":[]},"_links":{"self":[{"href":"http:\/\/www.turkarent.com\/index.php\/wp-json\/wp\/v2\/pages\/193"}],"collection":[{"href":"http:\/\/www.turkarent.com\/index.php\/wp-json\/wp\/v2\/pages"}],"about":[{"href":"http:\/\/www.turkarent.com\/index.php\/wp-json\/wp\/v2\/types\/page"}],"author":[{"embeddable":true,"href":"http:\/\/www.turkarent.com\/index.php\/wp-json\/wp\/v2\/users\/1"}],"replies":[{"embeddable":true,"href":"http:\/\/www.turkarent.com\/index.php\/wp-json\/wp\/v2\/comments?post=193"}],"version-history":[{"count":2,"href":"http:\/\/www.turkarent.com\/index.php\/wp-json\/wp\/v2\/pages\/193\/revisions"}],"predecessor-version":[{"id":195,"href":"http:\/\/www.turkarent.com\/index.php\/wp-json\/wp\/v2\/pages\/193\/revisions\/195"}],"wp:attachment":[{"href":"http:\/\/www.turkarent.com\/index.php\/wp-json\/wp\/v2\/media?parent=193"}],"curies":[{"name":"wp","href":"https:\/\/api.w.org\/{rel}","templated":true}]}}